{"id":2,"date":"2020-10-13T13:24:30","date_gmt":"2020-10-13T11:24:30","guid":{"rendered":"http:\/\/mocducha.pl\/?page_id=2"},"modified":"2020-11-18T20:47:44","modified_gmt":"2020-11-18T19:47:44","slug":"przykladowa-strona","status":"publish","type":"page","link":"https:\/\/mocducha.pl\/","title":{"rendered":"Niech b\u0119dzie pochwalony Jezus Chrystus!"},"content":{"rendered":"\n<p class=\"has-drop-cap\"><\/p>\n\n\n\n<blockquote class=\"wp-block-quote is-style-large is-layout-flow wp-block-quote-is-layout-flow\"><p>Witamy was bardzo serdecznie na naszej odnowionej stronie internetowej! Dzi\u0119ki Bogu i dobrym ludziom uda\u0142o si\u0119 j\u0105 zaktualizowa\u0107 \ud83d\ude42<\/p><p>Mamy nadziej\u0119, \u017ce b\u0119dzie to ju\u017c&nbsp;nasze sta\u0142e \u017ar\u00f3d\u0142o informacji o nadchodz\u0105cych spotkaniach modlitewnych, a tak\u017ce platforma do dzielenia si\u0119 \u015bwiadectwami.<\/p><p>Zach\u0119camy nieustannie do nadsy\u0142ania swoich \u015bwiadectw (na adres: xpawel@mocducha.pl), kt\u00f3re b\u0119d\u0105 sukcesywnie publikowane na stronie<\/p><\/blockquote>\n","protected":false},"excerpt":{"rendered":"<p>Witamy was bardzo serdecznie na naszej odnowionej stronie internetowej! Dzi\u0119ki Bogu i dobrym ludziom uda\u0142o si\u0119 j\u0105 zaktualizowa\u0107 \ud83d\ude42 Mamy nadziej\u0119, \u017ce b\u0119dzie to ju\u017c&nbsp;nasze sta\u0142e \u017ar\u00f3d\u0142o informacji o nadchodz\u0105cych spotkaniach modlitewnych, a tak\u017ce platforma do dzielenia si\u0119 \u015bwiadectwami. Zach\u0119camy nieustannie do nadsy\u0142ania swoich \u015bwiadectw (na adres: xpawel@mocducha.pl), kt\u00f3re b\u0119d\u0105 sukcesywnie publikowane na stronie<\/p>\n","protected":false},"author":1,"featured_media":0,"parent":0,"menu_order":0,"comment_status":"closed","ping_status":"open","template":"","meta":{"footnotes":""},"class_list":["post-2","page","type-page","status-publish","hentry"],"yoast_head":"<!-- This site is optimized with the Yoast SEO plugin v27.5 - https:\/\/yoast.com\/product\/yoast-seo-wordpress\/ -->\n<title>Niech b\u0119dzie pochwalony Jezus Chrystus! - mocducha.pl<\/title>\n<meta name=\"robots\" content=\"index, follow, max-snippet:-1, max-image-preview:large, max-video-preview:-1\" \/>\n<link rel=\"canonical\" href=\"https:\/\/mocducha.pl\/\" \/>\n<meta property=\"og:locale\" content=\"pl_PL\" \/>\n<meta property=\"og:type\" content=\"article\" \/>\n<meta property=\"og:title\" content=\"Niech b\u0119dzie pochwalony Jezus Chrystus! - mocducha.pl\" \/>\n<meta property=\"og:description\" content=\"Witamy was bardzo serdecznie na naszej odnowionej stronie internetowej! Dzi\u0119ki Bogu i dobrym ludziom uda\u0142o si\u0119 j\u0105 zaktualizowa\u0107 \ud83d\ude42 Mamy nadziej\u0119, \u017ce b\u0119dzie to ju\u017c&nbsp;nasze sta\u0142e \u017ar\u00f3d\u0142o informacji o nadchodz\u0105cych spotkaniach modlitewnych, a tak\u017ce platforma do dzielenia si\u0119 \u015bwiadectwami. Zach\u0119camy nieustannie do nadsy\u0142ania swoich \u015bwiadectw (na adres: xpawel@mocducha.pl), kt\u00f3re b\u0119d\u0105 sukcesywnie publikowane na stronie\" \/>\n<meta property=\"og:url\" content=\"https:\/\/mocducha.pl\/\" \/>\n<meta property=\"og:site_name\" content=\"mocducha.pl\" \/>\n<meta property=\"article:modified_time\" content=\"2020-11-18T19:47:44+00:00\" \/>\n<meta name=\"twitter:card\" content=\"summary_large_image\" \/>\n<script type=\"application\/ld+json\" class=\"yoast-schema-graph\">{\"@context\":\"https:\\\/\\\/schema.org\",\"@graph\":[{\"@type\":\"WebPage\",\"@id\":\"https:\\\/\\\/mocducha.pl\\\/\",\"url\":\"https:\\\/\\\/mocducha.pl\\\/\",\"name\":\"Niech b\u0119dzie pochwalony Jezus Chrystus! - mocducha.pl\",\"isPartOf\":{\"@id\":\"https:\\\/\\\/mocducha.pl\\\/#website\"},\"datePublished\":\"2020-10-13T11:24:30+00:00\",\"dateModified\":\"2020-11-18T19:47:44+00:00\",\"breadcrumb\":{\"@id\":\"https:\\\/\\\/mocducha.pl\\\/#breadcrumb\"},\"inLanguage\":\"pl-PL\",\"potentialAction\":[{\"@type\":\"ReadAction\",\"target\":[\"https:\\\/\\\/mocducha.pl\\\/\"]}]},{\"@type\":\"BreadcrumbList\",\"@id\":\"https:\\\/\\\/mocducha.pl\\\/#breadcrumb\",\"itemListElement\":[{\"@type\":\"ListItem\",\"position\":1,\"name\":\"Strona g\u0142\u00f3wna\",\"item\":\"https:\\\/\\\/mocducha.pl\\\/\"},{\"@type\":\"ListItem\",\"position\":2,\"name\":\"Niech b\u0119dzie pochwalony Jezus Chrystus!\"}]},{\"@type\":\"WebSite\",\"@id\":\"https:\\\/\\\/mocducha.pl\\\/#website\",\"url\":\"https:\\\/\\\/mocducha.pl\\\/\",\"name\":\"mocducha.pl\",\"description\":\"Msze \u015bwi\u0119te z modlitw\u0105 o uzdrowienie i uwolnienie\",\"publisher\":{\"@id\":\"https:\\\/\\\/mocducha.pl\\\/#organization\"},\"potentialAction\":[{\"@type\":\"SearchAction\",\"target\":{\"@type\":\"EntryPoint\",\"urlTemplate\":\"https:\\\/\\\/mocducha.pl\\\/?s={search_term_string}\"},\"query-input\":{\"@type\":\"PropertyValueSpecification\",\"valueRequired\":true,\"valueName\":\"search_term_string\"}}],\"inLanguage\":\"pl-PL\"},{\"@type\":\"Organization\",\"@id\":\"https:\\\/\\\/mocducha.pl\\\/#organization\",\"name\":\"mocducha.pl\",\"url\":\"https:\\\/\\\/mocducha.pl\\\/\",\"logo\":{\"@type\":\"ImageObject\",\"inLanguage\":\"pl-PL\",\"@id\":\"https:\\\/\\\/mocducha.pl\\\/#\\\/schema\\\/logo\\\/image\\\/\",\"url\":\"https:\\\/\\\/mocducha.pl\\\/wp-content\\\/uploads\\\/2020\\\/11\\\/cropped-DS\u0301-scaled-5.jpg\",\"contentUrl\":\"https:\\\/\\\/mocducha.pl\\\/wp-content\\\/uploads\\\/2020\\\/11\\\/cropped-DS\u0301-scaled-5.jpg\",\"width\":2000,\"height\":1200,\"caption\":\"mocducha.pl\"},\"image\":{\"@id\":\"https:\\\/\\\/mocducha.pl\\\/#\\\/schema\\\/logo\\\/image\\\/\"}}]}<\/script>\n<!-- \/ Yoast SEO plugin. -->","yoast_head_json":{"title":"Niech b\u0119dzie pochwalony Jezus Chrystus! - mocducha.pl","robots":{"index":"index","follow":"follow","max-snippet":"max-snippet:-1","max-image-preview":"max-image-preview:large","max-video-preview":"max-video-preview:-1"},"canonical":"https:\/\/mocducha.pl\/","og_locale":"pl_PL","og_type":"article","og_title":"Niech b\u0119dzie pochwalony Jezus Chrystus! - mocducha.pl","og_description":"Witamy was bardzo serdecznie na naszej odnowionej stronie internetowej! Dzi\u0119ki Bogu i dobrym ludziom uda\u0142o si\u0119 j\u0105 zaktualizowa\u0107 \ud83d\ude42 Mamy nadziej\u0119, \u017ce b\u0119dzie to ju\u017c&nbsp;nasze sta\u0142e \u017ar\u00f3d\u0142o informacji o nadchodz\u0105cych spotkaniach modlitewnych, a tak\u017ce platforma do dzielenia si\u0119 \u015bwiadectwami. Zach\u0119camy nieustannie do nadsy\u0142ania swoich \u015bwiadectw (na adres: xpawel@mocducha.pl), kt\u00f3re b\u0119d\u0105 sukcesywnie publikowane na stronie","og_url":"https:\/\/mocducha.pl\/","og_site_name":"mocducha.pl","article_modified_time":"2020-11-18T19:47:44+00:00","twitter_card":"summary_large_image","schema":{"@context":"https:\/\/schema.org","@graph":[{"@type":"WebPage","@id":"https:\/\/mocducha.pl\/","url":"https:\/\/mocducha.pl\/","name":"Niech b\u0119dzie pochwalony Jezus Chrystus! - mocducha.pl","isPartOf":{"@id":"https:\/\/mocducha.pl\/#website"},"datePublished":"2020-10-13T11:24:30+00:00","dateModified":"2020-11-18T19:47:44+00:00","breadcrumb":{"@id":"https:\/\/mocducha.pl\/#breadcrumb"},"inLanguage":"pl-PL","potentialAction":[{"@type":"ReadAction","target":["https:\/\/mocducha.pl\/"]}]},{"@type":"BreadcrumbList","@id":"https:\/\/mocducha.pl\/#breadcrumb","itemListElement":[{"@type":"ListItem","position":1,"name":"Strona g\u0142\u00f3wna","item":"https:\/\/mocducha.pl\/"},{"@type":"ListItem","position":2,"name":"Niech b\u0119dzie pochwalony Jezus Chrystus!"}]},{"@type":"WebSite","@id":"https:\/\/mocducha.pl\/#website","url":"https:\/\/mocducha.pl\/","name":"mocducha.pl","description":"Msze \u015bwi\u0119te z modlitw\u0105 o uzdrowienie i uwolnienie","publisher":{"@id":"https:\/\/mocducha.pl\/#organization"},"potentialAction":[{"@type":"SearchAction","target":{"@type":"EntryPoint","urlTemplate":"https:\/\/mocducha.pl\/?s={search_term_string}"},"query-input":{"@type":"PropertyValueSpecification","valueRequired":true,"valueName":"search_term_string"}}],"inLanguage":"pl-PL"},{"@type":"Organization","@id":"https:\/\/mocducha.pl\/#organization","name":"mocducha.pl","url":"https:\/\/mocducha.pl\/","logo":{"@type":"ImageObject","inLanguage":"pl-PL","@id":"https:\/\/mocducha.pl\/#\/schema\/logo\/image\/","url":"https:\/\/mocducha.pl\/wp-content\/uploads\/2020\/11\/cropped-DS\u0301-scaled-5.jpg","contentUrl":"https:\/\/mocducha.pl\/wp-content\/uploads\/2020\/11\/cropped-DS\u0301-scaled-5.jpg","width":2000,"height":1200,"caption":"mocducha.pl"},"image":{"@id":"https:\/\/mocducha.pl\/#\/schema\/logo\/image\/"}}]}},"_links":{"self":[{"href":"https:\/\/mocducha.pl\/index.php?rest_route=\/wp\/v2\/pages\/2","targetHints":{"allow":["GET"]}}],"collection":[{"href":"https:\/\/mocducha.pl\/index.php?rest_route=\/wp\/v2\/pages"}],"about":[{"href":"https:\/\/mocducha.pl\/index.php?rest_route=\/wp\/v2\/types\/page"}],"author":[{"embeddable":true,"href":"https:\/\/mocducha.pl\/index.php?rest_route=\/wp\/v2\/users\/1"}],"replies":[{"embeddable":true,"href":"https:\/\/mocducha.pl\/index.php?rest_route=%2Fwp%2Fv2%2Fcomments&post=2"}],"version-history":[{"count":2,"href":"https:\/\/mocducha.pl\/index.php?rest_route=\/wp\/v2\/pages\/2\/revisions"}],"predecessor-version":[{"id":51,"href":"https:\/\/mocducha.pl\/index.php?rest_route=\/wp\/v2\/pages\/2\/revisions\/51"}],"wp:attachment":[{"href":"https:\/\/mocducha.pl\/index.php?rest_route=%2Fwp%2Fv2%2Fmedia&parent=2"}],"curies":[{"name":"wp","href":"https:\/\/api.w.org\/{rel}","templated":true}]}}