{"id":12,"date":"2020-11-18T20:07:58","date_gmt":"2020-11-18T19:07:58","guid":{"rendered":"https:\/\/mocducha.pl\/?page_id=12"},"modified":"2020-11-25T20:19:02","modified_gmt":"2020-11-25T19:19:02","slug":"kontakt","status":"publish","type":"page","link":"https:\/\/mocducha.pl\/?page_id=12","title":{"rendered":"Kontakt"},"content":{"rendered":"\t\t<div data-elementor-type=\"wp-page\" data-elementor-id=\"12\" class=\"elementor elementor-12\">\n\t\t\t\t\t\t<section class=\"elementor-section elementor-top-section elementor-element elementor-element-32180bb5 elementor-section-boxed elementor-section-height-default elementor-section-height-default\" data-id=\"32180bb5\" data-element_type=\"section\" data-e-type=\"section\">\n\t\t\t\t\t\t<div class=\"elementor-container elementor-column-gap-default\">\n\t\t\t\t\t<div class=\"elementor-column elementor-col-100 elementor-top-column elementor-element elementor-element-53978261\" data-id=\"53978261\" data-element_type=\"column\" data-e-type=\"column\">\n\t\t\t<div class=\"elementor-widget-wrap elementor-element-populated\">\n\t\t\t\t\t\t<div class=\"elementor-element elementor-element-1a4709ff elementor-widget elementor-widget-text-editor\" data-id=\"1a4709ff\" data-element_type=\"widget\" data-e-type=\"widget\" data-widget_type=\"text-editor.default\">\n\t\t\t\t<div class=\"elementor-widget-container\">\n\t\t\t\t\t\t\t\t\t<p><\/p>\n<h6 class=\"wp-block-heading\">Wszelkie zapytania, \u015bwiadectwa prosimy przesy\u0142a\u0107 na adres: <a href=\"mailto:xpawel@mocducha.pl\">xpawe\u0142@mocducha.pl<\/a><\/h6><h6><br><\/h6><h6>Numer konta: 71 1600 1462 0008 4616 3767 2011 &#8211; z dopiskiem &#8222;na cele ewangelizacyjne&#8221;<\/h6>\n<p><\/p>\n<p><\/p>\t\t\t\t\t\t\t\t<\/div>\n\t\t\t\t<\/div>\n\t\t\t\t\t<\/div>\n\t\t<\/div>\n\t\t\t\t\t<\/div>\n\t\t<\/section>\n\t\t\t\t<\/div>\n\t\t","protected":false},"excerpt":{"rendered":"<p>Wszelkie zapytania, \u015bwiadectwa prosimy przesy\u0142a\u0107 na adres: xpawe\u0142@mocducha.pl Numer konta: 71 1600 1462 0008 4616 3767 2011 &#8211; z dopiskiem &#8222;na cele ewangelizacyjne&#8221;<\/p>\n","protected":false},"author":1,"featured_media":0,"parent":0,"menu_order":0,"comment_status":"closed","ping_status":"closed","template":"","meta":{"footnotes":""},"class_list":["post-12","page","type-page","status-publish","hentry"],"yoast_head":"<!-- This site is optimized with the Yoast SEO plugin v27.5 - https:\/\/yoast.com\/product\/yoast-seo-wordpress\/ -->\n<title>Kontakt - mocducha.pl<\/title>\n<meta name=\"robots\" content=\"index, follow, max-snippet:-1, max-image-preview:large, max-video-preview:-1\" \/>\n<link rel=\"canonical\" href=\"https:\/\/mocducha.pl\/?page_id=12\" \/>\n<meta property=\"og:locale\" content=\"pl_PL\" \/>\n<meta property=\"og:type\" content=\"article\" \/>\n<meta property=\"og:title\" content=\"Kontakt - mocducha.pl\" \/>\n<meta property=\"og:description\" content=\"Wszelkie zapytania, \u015bwiadectwa prosimy przesy\u0142a\u0107 na adres: xpawe\u0142@mocducha.pl Numer konta: 71 1600 1462 0008 4616 3767 2011 &#8211; z dopiskiem &#8222;na cele ewangelizacyjne&#8221;\" \/>\n<meta property=\"og:url\" content=\"https:\/\/mocducha.pl\/?page_id=12\" \/>\n<meta property=\"og:site_name\" content=\"mocducha.pl\" \/>\n<meta property=\"article:modified_time\" content=\"2020-11-25T19:19:02+00:00\" \/>\n<meta name=\"twitter:card\" content=\"summary_large_image\" \/>\n<script type=\"application\/ld+json\" class=\"yoast-schema-graph\">{\"@context\":\"https:\\\/\\\/schema.org\",\"@graph\":[{\"@type\":\"WebPage\",\"@id\":\"https:\\\/\\\/mocducha.pl\\\/?page_id=12\",\"url\":\"https:\\\/\\\/mocducha.pl\\\/?page_id=12\",\"name\":\"Kontakt - mocducha.pl\",\"isPartOf\":{\"@id\":\"https:\\\/\\\/mocducha.pl\\\/#website\"},\"datePublished\":\"2020-11-18T19:07:58+00:00\",\"dateModified\":\"2020-11-25T19:19:02+00:00\",\"breadcrumb\":{\"@id\":\"https:\\\/\\\/mocducha.pl\\\/?page_id=12#breadcrumb\"},\"inLanguage\":\"pl-PL\",\"potentialAction\":[{\"@type\":\"ReadAction\",\"target\":[\"https:\\\/\\\/mocducha.pl\\\/?page_id=12\"]}]},{\"@type\":\"BreadcrumbList\",\"@id\":\"https:\\\/\\\/mocducha.pl\\\/?page_id=12#breadcrumb\",\"itemListElement\":[{\"@type\":\"ListItem\",\"position\":1,\"name\":\"Strona g\u0142\u00f3wna\",\"item\":\"https:\\\/\\\/mocducha.pl\\\/\"},{\"@type\":\"ListItem\",\"position\":2,\"name\":\"Kontakt\"}]},{\"@type\":\"WebSite\",\"@id\":\"https:\\\/\\\/mocducha.pl\\\/#website\",\"url\":\"https:\\\/\\\/mocducha.pl\\\/\",\"name\":\"mocducha.pl\",\"description\":\"Msze \u015bwi\u0119te z modlitw\u0105 o uzdrowienie i uwolnienie\",\"publisher\":{\"@id\":\"https:\\\/\\\/mocducha.pl\\\/#organization\"},\"potentialAction\":[{\"@type\":\"SearchAction\",\"target\":{\"@type\":\"EntryPoint\",\"urlTemplate\":\"https:\\\/\\\/mocducha.pl\\\/?s={search_term_string}\"},\"query-input\":{\"@type\":\"PropertyValueSpecification\",\"valueRequired\":true,\"valueName\":\"search_term_string\"}}],\"inLanguage\":\"pl-PL\"},{\"@type\":\"Organization\",\"@id\":\"https:\\\/\\\/mocducha.pl\\\/#organization\",\"name\":\"mocducha.pl\",\"url\":\"https:\\\/\\\/mocducha.pl\\\/\",\"logo\":{\"@type\":\"ImageObject\",\"inLanguage\":\"pl-PL\",\"@id\":\"https:\\\/\\\/mocducha.pl\\\/#\\\/schema\\\/logo\\\/image\\\/\",\"url\":\"https:\\\/\\\/mocducha.pl\\\/wp-content\\\/uploads\\\/2020\\\/11\\\/cropped-DS\u0301-scaled-5.jpg\",\"contentUrl\":\"https:\\\/\\\/mocducha.pl\\\/wp-content\\\/uploads\\\/2020\\\/11\\\/cropped-DS\u0301-scaled-5.jpg\",\"width\":2000,\"height\":1200,\"caption\":\"mocducha.pl\"},\"image\":{\"@id\":\"https:\\\/\\\/mocducha.pl\\\/#\\\/schema\\\/logo\\\/image\\\/\"}}]}<\/script>\n<!-- \/ Yoast SEO plugin. -->","yoast_head_json":{"title":"Kontakt - mocducha.pl","robots":{"index":"index","follow":"follow","max-snippet":"max-snippet:-1","max-image-preview":"max-image-preview:large","max-video-preview":"max-video-preview:-1"},"canonical":"https:\/\/mocducha.pl\/?page_id=12","og_locale":"pl_PL","og_type":"article","og_title":"Kontakt - mocducha.pl","og_description":"Wszelkie zapytania, \u015bwiadectwa prosimy przesy\u0142a\u0107 na adres: xpawe\u0142@mocducha.pl Numer konta: 71 1600 1462 0008 4616 3767 2011 &#8211; z dopiskiem &#8222;na cele ewangelizacyjne&#8221;","og_url":"https:\/\/mocducha.pl\/?page_id=12","og_site_name":"mocducha.pl","article_modified_time":"2020-11-25T19:19:02+00:00","twitter_card":"summary_large_image","schema":{"@context":"https:\/\/schema.org","@graph":[{"@type":"WebPage","@id":"https:\/\/mocducha.pl\/?page_id=12","url":"https:\/\/mocducha.pl\/?page_id=12","name":"Kontakt - mocducha.pl","isPartOf":{"@id":"https:\/\/mocducha.pl\/#website"},"datePublished":"2020-11-18T19:07:58+00:00","dateModified":"2020-11-25T19:19:02+00:00","breadcrumb":{"@id":"https:\/\/mocducha.pl\/?page_id=12#breadcrumb"},"inLanguage":"pl-PL","potentialAction":[{"@type":"ReadAction","target":["https:\/\/mocducha.pl\/?page_id=12"]}]},{"@type":"BreadcrumbList","@id":"https:\/\/mocducha.pl\/?page_id=12#breadcrumb","itemListElement":[{"@type":"ListItem","position":1,"name":"Strona g\u0142\u00f3wna","item":"https:\/\/mocducha.pl\/"},{"@type":"ListItem","position":2,"name":"Kontakt"}]},{"@type":"WebSite","@id":"https:\/\/mocducha.pl\/#website","url":"https:\/\/mocducha.pl\/","name":"mocducha.pl","description":"Msze \u015bwi\u0119te z modlitw\u0105 o uzdrowienie i uwolnienie","publisher":{"@id":"https:\/\/mocducha.pl\/#organization"},"potentialAction":[{"@type":"SearchAction","target":{"@type":"EntryPoint","urlTemplate":"https:\/\/mocducha.pl\/?s={search_term_string}"},"query-input":{"@type":"PropertyValueSpecification","valueRequired":true,"valueName":"search_term_string"}}],"inLanguage":"pl-PL"},{"@type":"Organization","@id":"https:\/\/mocducha.pl\/#organization","name":"mocducha.pl","url":"https:\/\/mocducha.pl\/","logo":{"@type":"ImageObject","inLanguage":"pl-PL","@id":"https:\/\/mocducha.pl\/#\/schema\/logo\/image\/","url":"https:\/\/mocducha.pl\/wp-content\/uploads\/2020\/11\/cropped-DS\u0301-scaled-5.jpg","contentUrl":"https:\/\/mocducha.pl\/wp-content\/uploads\/2020\/11\/cropped-DS\u0301-scaled-5.jpg","width":2000,"height":1200,"caption":"mocducha.pl"},"image":{"@id":"https:\/\/mocducha.pl\/#\/schema\/logo\/image\/"}}]}},"_links":{"self":[{"href":"https:\/\/mocducha.pl\/index.php?rest_route=\/wp\/v2\/pages\/12","targetHints":{"allow":["GET"]}}],"collection":[{"href":"https:\/\/mocducha.pl\/index.php?rest_route=\/wp\/v2\/pages"}],"about":[{"href":"https:\/\/mocducha.pl\/index.php?rest_route=\/wp\/v2\/types\/page"}],"author":[{"embeddable":true,"href":"https:\/\/mocducha.pl\/index.php?rest_route=\/wp\/v2\/users\/1"}],"replies":[{"embeddable":true,"href":"https:\/\/mocducha.pl\/index.php?rest_route=%2Fwp%2Fv2%2Fcomments&post=12"}],"version-history":[{"count":11,"href":"https:\/\/mocducha.pl\/index.php?rest_route=\/wp\/v2\/pages\/12\/revisions"}],"predecessor-version":[{"id":72,"href":"https:\/\/mocducha.pl\/index.php?rest_route=\/wp\/v2\/pages\/12\/revisions\/72"}],"wp:attachment":[{"href":"https:\/\/mocducha.pl\/index.php?rest_route=%2Fwp%2Fv2%2Fmedia&parent=12"}],"curies":[{"name":"wp","href":"https:\/\/api.w.org\/{rel}","templated":true}]}}